{"id":3,"date":"2024-11-21T16:58:29","date_gmt":"2024-11-21T19:58:29","guid":{"rendered":"https:\/\/site.multilog.com.br\/transporte-de-carga\/?page_id=3"},"modified":"2024-12-04T16:45:30","modified_gmt":"2024-12-04T19:45:30","slug":"politica-de-privacidade","status":"publish","type":"page","link":"https:\/\/site.multilog.com.br\/transporte-de-carga\/politica-de-privacidade\/","title":{"rendered":"Pol\u00edtica de privacidade"},"content":{"rendered":"<p>Em constru\u00e7\u00e3o.<\/p>\n","protected":false},"excerpt":{"rendered":"<p>Em constru\u00e7\u00e3o.<\/p>\n","protected":false},"author":1,"featured_media":0,"parent":0,"menu_order":10,"comment_status":"closed","ping_status":"closed","template":"","meta":{"_acf_changed":false,"two_page_speed":[],"footnotes":""},"class_list":["post-3","page","type-page","status-publish","hentry"],"acf":[],"_links":{"self":[{"href":"https:\/\/site.multilog.com.br\/transporte-de-carga\/wp-json\/wp\/v2\/pages\/3","targetHints":{"allow":["GET"]}}],"collection":[{"href":"https:\/\/site.multilog.com.br\/transporte-de-carga\/wp-json\/wp\/v2\/pages"}],"about":[{"href":"https:\/\/site.multilog.com.br\/transporte-de-carga\/wp-json\/wp\/v2\/types\/page"}],"author":[{"embeddable":true,"href":"https:\/\/site.multilog.com.br\/transporte-de-carga\/wp-json\/wp\/v2\/users\/1"}],"replies":[{"embeddable":true,"href":"https:\/\/site.multilog.com.br\/transporte-de-carga\/wp-json\/wp\/v2\/comments?post=3"}],"version-history":[{"count":1,"href":"https:\/\/site.multilog.com.br\/transporte-de-carga\/wp-json\/wp\/v2\/pages\/3\/revisions"}],"predecessor-version":[{"id":86,"href":"https:\/\/site.multilog.com.br\/transporte-de-carga\/wp-json\/wp\/v2\/pages\/3\/revisions\/86"}],"wp:attachment":[{"href":"https:\/\/site.multilog.com.br\/transporte-de-carga\/wp-json\/wp\/v2\/media?parent=3"}],"curies":[{"name":"wp","href":"https:\/\/api.w.org\/{rel}","templated":true}]}}