{"id":5701,"date":"2024-09-03T08:40:49","date_gmt":"2024-09-03T11:40:49","guid":{"rendered":"https:\/\/site.multilog.com.br\/?page_id=5701"},"modified":"2024-09-03T08:40:52","modified_gmt":"2024-09-03T11:40:52","slug":"centro-de-distribuicao-lp","status":"publish","type":"page","link":"https:\/\/site.multilog.com.br\/es\/centro-de-distribuicao-lp\/","title":{"rendered":"Cota\u00e7\u00e3o Personalizada | Centros de Distribui\u00e7\u00e3o Multilog"},"content":{"rendered":"","protected":false},"excerpt":{"rendered":"","protected":false},"author":9,"featured_media":0,"parent":0,"menu_order":0,"comment_status":"closed","ping_status":"closed","template":"page-centro-de-distribuicao.php","meta":{"_acf_changed":false,"footnotes":""},"class_list":["post-5701","page","type-page","status-publish","hentry"],"acf":[],"_links":{"self":[{"href":"https:\/\/site.multilog.com.br\/es\/wp-json\/wp\/v2\/pages\/5701","targetHints":{"allow":["GET"]}}],"collection":[{"href":"https:\/\/site.multilog.com.br\/es\/wp-json\/wp\/v2\/pages"}],"about":[{"href":"https:\/\/site.multilog.com.br\/es\/wp-json\/wp\/v2\/types\/page"}],"author":[{"embeddable":true,"href":"https:\/\/site.multilog.com.br\/es\/wp-json\/wp\/v2\/users\/9"}],"replies":[{"embeddable":true,"href":"https:\/\/site.multilog.com.br\/es\/wp-json\/wp\/v2\/comments?post=5701"}],"version-history":[{"count":2,"href":"https:\/\/site.multilog.com.br\/es\/wp-json\/wp\/v2\/pages\/5701\/revisions"}],"predecessor-version":[{"id":5830,"href":"https:\/\/site.multilog.com.br\/es\/wp-json\/wp\/v2\/pages\/5701\/revisions\/5830"}],"wp:attachment":[{"href":"https:\/\/site.multilog.com.br\/es\/wp-json\/wp\/v2\/media?parent=5701"}],"curies":[{"name":"wp","href":"https:\/\/api.w.org\/{rel}","templated":true}]}}